{"id":6834,"date":"2021-03-07T17:46:30","date_gmt":"2021-03-07T20:46:30","guid":{"rendered":"https:\/\/rpasminio.cl\/?page_id=6834"},"modified":"2023-03-03T22:52:22","modified_gmt":"2023-03-04T01:52:22","slug":"historias-2","status":"publish","type":"page","link":"https:\/\/rpasminio.cl\/?page_id=6834","title":{"rendered":"HISTORIAS"},"content":{"rendered":"\t\t<div data-elementor-type=\"wp-page\" data-elementor-id=\"6834\" class=\"elementor elementor-6834\">\n\t\t\t\t\t\t\t\t\t<section class=\"elementor-section elementor-top-section elementor-element elementor-element-3dab011 elementor-section-boxed elementor-section-height-default elementor-section-height-default\" data-id=\"3dab011\" data-element_type=\"section\">\n\t\t\t\t\t\t<div class=\"elementor-container elementor-column-gap-default\">\n\t\t\t\t\t<div class=\"elementor-column elementor-col-100 elementor-top-column elementor-element elementor-element-c873b18\" data-id=\"c873b18\" data-element_type=\"column\">\n\t\t\t<div class=\"elementor-widget-wrap elementor-element-populated\">\n\t\t\t\t\t\t\t\t<div class=\"elementor-element elementor-element-f853dc1 elementor-widget elementor-widget-spacer\" data-id=\"f853dc1\" data-element_type=\"widget\" data-widget_type=\"spacer.default\">\n\t\t\t\t<div class=\"elementor-widget-container\">\n\t\t\t\t\t<div class=\"elementor-spacer\">\n\t\t\t<div class=\"elementor-spacer-inner\"><\/div>\n\t\t<\/div>\n\t\t\t\t<\/div>\n\t\t\t\t<\/div>\n\t\t\t\t\t<\/div>\n\t\t<\/div>\n\t\t\t\t\t\t\t<\/div>\n\t\t<\/section>\n\t\t\t\t<section class=\"elementor-section elementor-top-section elementor-element elementor-element-d971e34 elementor-section-boxed elementor-section-height-default elementor-section-height-default\" data-id=\"d971e34\" data-element_type=\"section\">\n\t\t\t\t\t\t<div class=\"elementor-container elementor-column-gap-default\">\n\t\t\t\t\t<div class=\"elementor-column elementor-col-100 elementor-top-column elementor-element elementor-element-17ad2f5\" data-id=\"17ad2f5\" data-element_type=\"column\">\n\t\t\t<div class=\"elementor-widget-wrap elementor-element-populated\">\n\t\t\t\t\t\t\t\t<div class=\"elementor-element elementor-element-4324c11 elementor-widget elementor-widget-spacer\" data-id=\"4324c11\" data-element_type=\"widget\" data-widget_type=\"spacer.default\">\n\t\t\t\t<div class=\"elementor-widget-container\">\n\t\t\t\t\t<div class=\"elementor-spacer\">\n\t\t\t<div class=\"elementor-spacer-inner\"><\/div>\n\t\t<\/div>\n\t\t\t\t<\/div>\n\t\t\t\t<\/div>\n\t\t\t\t<div class=\"elementor-element elementor-element-ca13163 elementor-widget elementor-widget-text-editor\" data-id=\"ca13163\" data-element_type=\"widget\" data-widget_type=\"text-editor.default\">\n\t\t\t\t<div class=\"elementor-widget-container\">\n\t\t\t\t\t\t\t<p style=\"text-align: center;\">KATARSIS<\/p>\t\t\t\t\t\t<\/div>\n\t\t\t\t<\/div>\n\t\t\t\t\t<\/div>\n\t\t<\/div>\n\t\t\t\t\t\t\t<\/div>\n\t\t<\/section>\n\t\t\t\t<section class=\"elementor-section elementor-top-section elementor-element elementor-element-db8c200 elementor-section-boxed elementor-section-height-default elementor-section-height-default\" data-id=\"db8c200\" data-element_type=\"section\">\n\t\t\t\t\t\t<div class=\"elementor-container elementor-column-gap-default\">\n\t\t\t\t\t<div class=\"elementor-column elementor-col-100 elementor-top-column elementor-element elementor-element-5743ed9\" data-id=\"5743ed9\" data-element_type=\"column\">\n\t\t\t<div class=\"elementor-widget-wrap elementor-element-populated\">\n\t\t\t\t\t\t\t\t<div class=\"elementor-element elementor-element-d13f8cb elementor-widget elementor-widget-spacer\" data-id=\"d13f8cb\" data-element_type=\"widget\" data-widget_type=\"spacer.default\">\n\t\t\t\t<div class=\"elementor-widget-container\">\n\t\t\t\t\t<div class=\"elementor-spacer\">\n\t\t\t<div class=\"elementor-spacer-inner\"><\/div>\n\t\t<\/div>\n\t\t\t\t<\/div>\n\t\t\t\t<\/div>\n\t\t\t\t\t<\/div>\n\t\t<\/div>\n\t\t\t\t\t\t\t<\/div>\n\t\t<\/section>\n\t\t\t\t<section class=\"elementor-section elementor-top-section elementor-element elementor-element-b332f98 elementor-section-boxed elementor-section-height-default elementor-section-height-default\" data-id=\"b332f98\" data-element_type=\"section\">\n\t\t\t\t\t\t<div class=\"elementor-container elementor-column-gap-default\">\n\t\t\t\t\t<div class=\"elementor-column elementor-col-100 elementor-top-column elementor-element elementor-element-a77b97a\" data-id=\"a77b97a\" data-element_type=\"column\">\n\t\t\t<div class=\"elementor-widget-wrap elementor-element-populated\">\n\t\t\t\t\t\t\t\t<div class=\"elementor-element elementor-element-c8016e0 elementor-widget elementor-widget-image\" data-id=\"c8016e0\" data-element_type=\"widget\" data-widget_type=\"image.default\">\n\t\t\t\t<div class=\"elementor-widget-container\">\n\t\t\t\t\t\t\t\t\t\t\t\t\t\t\t<img loading=\"lazy\" decoding=\"async\" width=\"768\" height=\"512\" src=\"https:\/\/rpasminio.cl\/wp-content\/uploads\/2021\/03\/RPC6991-lan-30-12-2014-17-20-MEJORADA-MAS-OSCURA-2_1-768x512.jpg\" class=\"attachment-medium_large size-medium_large wp-image-6641\" alt=\"\" srcset=\"https:\/\/rpasminio.cl\/wp-content\/uploads\/2021\/03\/RPC6991-lan-30-12-2014-17-20-MEJORADA-MAS-OSCURA-2_1-768x512.jpg 768w, https:\/\/rpasminio.cl\/wp-content\/uploads\/2021\/03\/RPC6991-lan-30-12-2014-17-20-MEJORADA-MAS-OSCURA-2_1-300x199.jpg 300w, https:\/\/rpasminio.cl\/wp-content\/uploads\/2021\/03\/RPC6991-lan-30-12-2014-17-20-MEJORADA-MAS-OSCURA-2_1-150x100.jpg 150w, https:\/\/rpasminio.cl\/wp-content\/uploads\/2021\/03\/RPC6991-lan-30-12-2014-17-20-MEJORADA-MAS-OSCURA-2_1.jpg 1200w\" sizes=\"auto, (max-width: 768px) 100vw, 768px\" \/>\t\t\t\t\t\t\t\t\t\t\t\t\t\t\t<\/div>\n\t\t\t\t<\/div>\n\t\t\t\t<div class=\"elementor-element elementor-element-0aecea1 elementor-widget elementor-widget-text-editor\" data-id=\"0aecea1\" data-element_type=\"widget\" data-widget_type=\"text-editor.default\">\n\t\t\t\t<div class=\"elementor-widget-container\">\n\t\t\t\t\t\t\t<p class=\"p1\">LA MONTA\u00d1A.<\/p><p class=\"p1\"><br \/><\/p>\n<p class=\"p1\">Recapitulando el tiempo, a veces pienso que dentro de mi mente siempre ha existido una monta\u00f1a que me impedido avanzar. No me ha dejado ir donde quiero, aunque creo que la he domesticado\u2026 Ya la he dejado de ver como un muro oscuro que me hiere y detiene. Hoy la sobrevuelo, la surco, la transformo. Es casi una amiga. Aunque una amiga cruel, \u00e1rida, dura, ruda, esperando que yo caiga. Pero no, eso fue antes\u2026 ya no, ya no.. No volver\u00e9 a sucumbir a tus piedrazos de rocas inertes, inermes que habitan tu terreno f\u00e9rtil. Hoy te veo desde arriba, te imagino de colores sonrientes, de r\u00edos, aunque secos, dispuestos a renacer\u2026 Monta\u00f1a, a\u00fan sigues ah\u00ed.. Que quieres de mi\u2026 Yo se que es s\u00f3lo una ilusi\u00f3n, tal vez no existes\u2026 ambos sabemos que tus colores son otros\u2026 No eres tan suave como me dijiste Tu delicadeza mordaz, ojal\u00e1 desaparezca alg\u00fan d\u00eda\u2026 Pero ya no estar\u00e9 para ti\u2026 Ahora s\u00f3lo me basta saber que este colorido de formas ancestrales sobre tus colinas\u2026 Las dibujo yo y me r\u00edo porque son sin tu permiso\u2026 As\u00ed que me he creado el poder de hacerte tan hermosa como siempre debiste haber sido.. La belleza la perdiste tu, s\u00f3lo porque has querido mi amada monta\u00f1a\u2026 D\u00e9jame en paz\u2026 Volar\u00e9 sobre tus cumbres cuantas veces yo quiera\u2026 Y me alegra que est\u00e9s ah\u00ed, porque eres mi desaf\u00edo, un reto y un perpetuo y significativo\u2026 Aunque tengo que descansar de vez en cuando de ti, llegar es a veces necesario\u2026 No verte lo necesito, aunque s\u00e9 que siempre est\u00e1s\u2026<\/p>\t\t\t\t\t\t<\/div>\n\t\t\t\t<\/div>\n\t\t\t\t\t<\/div>\n\t\t<\/div>\n\t\t\t\t\t\t\t<\/div>\n\t\t<\/section>\n\t\t\t\t<section class=\"elementor-section elementor-top-section elementor-element elementor-element-7730c40 elementor-section-boxed elementor-section-height-default elementor-section-height-default\" data-id=\"7730c40\" data-element_type=\"section\">\n\t\t\t\t\t\t<div class=\"elementor-container elementor-column-gap-default\">\n\t\t\t\t\t<div class=\"elementor-column elementor-col-100 elementor-top-column elementor-element elementor-element-ea1f52d\" data-id=\"ea1f52d\" data-element_type=\"column\">\n\t\t\t<div class=\"elementor-widget-wrap elementor-element-populated\">\n\t\t\t\t\t\t\t\t<div class=\"elementor-element elementor-element-b220de5 elementor-widget elementor-widget-spacer\" data-id=\"b220de5\" data-element_type=\"widget\" data-widget_type=\"spacer.default\">\n\t\t\t\t<div class=\"elementor-widget-container\">\n\t\t\t\t\t<div class=\"elementor-spacer\">\n\t\t\t<div class=\"elementor-spacer-inner\"><\/div>\n\t\t<\/div>\n\t\t\t\t<\/div>\n\t\t\t\t<\/div>\n\t\t\t\t\t<\/div>\n\t\t<\/div>\n\t\t\t\t\t\t\t<\/div>\n\t\t<\/section>\n\t\t\t\t<section class=\"elementor-section elementor-top-section elementor-element elementor-element-625a6a3 elementor-section-boxed elementor-section-height-default elementor-section-height-default\" data-id=\"625a6a3\" data-element_type=\"section\">\n\t\t\t\t\t\t<div class=\"elementor-container elementor-column-gap-default\">\n\t\t\t\t\t<div class=\"elementor-column elementor-col-100 elementor-top-column elementor-element elementor-element-aee182c\" data-id=\"aee182c\" data-element_type=\"column\">\n\t\t\t<div class=\"elementor-widget-wrap elementor-element-populated\">\n\t\t\t\t\t\t\t\t<div class=\"elementor-element elementor-element-8f38308 elementor-widget elementor-widget-image\" data-id=\"8f38308\" data-element_type=\"widget\" data-widget_type=\"image.default\">\n\t\t\t\t<div class=\"elementor-widget-container\">\n\t\t\t\t\t\t\t\t\t\t\t\t\t\t\t<img loading=\"lazy\" decoding=\"async\" width=\"768\" height=\"510\" src=\"https:\/\/rpasminio.cl\/wp-content\/uploads\/2021\/03\/EL-MOVIMIENTO-DE-MI-ALMA-022.-768x510.jpg\" class=\"attachment-medium_large size-medium_large wp-image-6538\" alt=\"\" srcset=\"https:\/\/rpasminio.cl\/wp-content\/uploads\/2021\/03\/EL-MOVIMIENTO-DE-MI-ALMA-022.-768x510.jpg 768w, https:\/\/rpasminio.cl\/wp-content\/uploads\/2021\/03\/EL-MOVIMIENTO-DE-MI-ALMA-022.-300x199.jpg 300w, https:\/\/rpasminio.cl\/wp-content\/uploads\/2021\/03\/EL-MOVIMIENTO-DE-MI-ALMA-022.-150x100.jpg 150w, https:\/\/rpasminio.cl\/wp-content\/uploads\/2021\/03\/EL-MOVIMIENTO-DE-MI-ALMA-022.-1536x1020.jpg 1536w, https:\/\/rpasminio.cl\/wp-content\/uploads\/2021\/03\/EL-MOVIMIENTO-DE-MI-ALMA-022..jpg 2000w\" sizes=\"auto, (max-width: 768px) 100vw, 768px\" \/>\t\t\t\t\t\t\t\t\t\t\t\t\t\t\t<\/div>\n\t\t\t\t<\/div>\n\t\t\t\t<div class=\"elementor-element elementor-element-903e392 elementor-widget elementor-widget-text-editor\" data-id=\"903e392\" data-element_type=\"widget\" data-widget_type=\"text-editor.default\">\n\t\t\t\t<div class=\"elementor-widget-container\">\n\t\t\t\t\t\t\t<p class=\"p1\">VIAJE DE IDA Y VUELTA.<\/p><p class=\"p1\"><br \/><\/p>\n<p class=\"p1\">En este viaje de ida y vuelta, he decidido regresar a lo que quiero hacer y sentir, sin importar en lo que termine este interminable tr\u00e1nsito.<\/p>\n<p class=\"p1\">Las luces de la ma\u00f1ana ti\u00f1en levemente mi conciencia a\u00fan medio dormida, que no entiende que este es un d\u00eda menos de mi vida\u2026 o tal vez s\u00ed lo comprende, y quiere aprovecharlo rescatando cada una de las texturas invisibles de sombras grises y luces que no brillan.<\/p>\n<p class=\"p1\">Capturo la silueta de la ciudad pr\u00e1cticamente sin mirar, de todo lo que transita ante mi, sin saber que su alma est\u00e1 quedando en un registro sin forma y que s\u00f3lo yo se interpretar\u2026<\/p>\n<p class=\"p1\">Un viaje de madrugada, como tantos otros, como el de la mayor\u00eda de las personas que veo en este camino, que se repite una y otra vez: 2 a\u00f1os, 500 viajes, no tengo m\u00e1s alternativa que registrarlo\u2026<\/p>\n<p class=\"p1\">De vuelta, es otra historia, el regreso es con la carga del intenso d\u00eda, al menos queda la esperanza de que en una hora m\u00e1s ya podr\u00e9 descansar, aunque el regreso se torna de noche y m\u00e1s oscuro, pero acompa\u00f1ado de mil filamentos que se ven en el infinito cercano, luces interminables, imprudentes, blancas, rojas azules y verdes son las dominantes, pero para mi aqu\u00ed son s\u00f3lo luces definidas y difusas, de gente en tr\u00e1nsito como yo, que s\u00f3lo pretenden terminar pronto este camino diario, rutinario, con algo de fe ilusa de que al d\u00eda siguiente el regreso ser\u00e1 algo distinto: eso ser\u00eda ya un triunfo\u2026<\/p>\n<p class=\"p1\">Con algo de suerte, a veces llueve y el camino desaparece ante mis ojos\u2026 el cristal que me separa del viento se nubla y los \u00e1rboles dejan de ser \u00e1rboles, los autom\u00f3viles simplemente se transforman en lo que yo imagino de ellos. La mayor\u00eda de las personas ya han dejado de existir en este trayecto de capturas en transe.<\/p>\n<p class=\"p1\">En ese estado, mi deseo de que nada se escape a mi lente, aumenta, no s\u00e9 como explicarlo, no tendr\u00eda porque\u2026 no me detengo un segundo, no hay pausa. El mundo sigue tan deforme como es, como una gran masa de colores difusos, la textura ha desaparecido, no me importa, nunca me ha dejado de importar, aunque suene contradictorio\u2026<\/p>\n<p class=\"p1\">Al fin he llegado y tengo la misma sensaci\u00f3n de siempre, s\u00ed, otro d\u00eda de mi existencia se est\u00e1 acabando y no he logrado las capturas suficientes de estas calles demasiado conocidas y que he aprendido a detestar. Estoy nuevamente ansioso de revisar la serie diaria robada a este viaje de ida y vuelta, porque al recorrer estas fotograf\u00edas, aparecen ah\u00ed nuevamente las calles, pero como un lugar desconocido, donde nunca he estado en mi vida.<\/p>\n<p class=\"p1\">Es un alivio: este d\u00eda, al parecer, nuevamente ha valido la pena\u2026<\/p>\t\t\t\t\t\t<\/div>\n\t\t\t\t<\/div>\n\t\t\t\t\t<\/div>\n\t\t<\/div>\n\t\t\t\t\t\t\t<\/div>\n\t\t<\/section>\n\t\t\t\t<section class=\"elementor-section elementor-top-section elementor-element elementor-element-ba6829b elementor-section-boxed elementor-section-height-default elementor-section-height-default\" data-id=\"ba6829b\" data-element_type=\"section\">\n\t\t\t\t\t\t<div class=\"elementor-container elementor-column-gap-default\">\n\t\t\t\t\t<div class=\"elementor-column elementor-col-100 elementor-top-column elementor-element elementor-element-84419b4\" data-id=\"84419b4\" data-element_type=\"column\">\n\t\t\t<div class=\"elementor-widget-wrap elementor-element-populated\">\n\t\t\t\t\t\t\t\t<div class=\"elementor-element elementor-element-f0a8979 elementor-widget elementor-widget-spacer\" data-id=\"f0a8979\" data-element_type=\"widget\" data-widget_type=\"spacer.default\">\n\t\t\t\t<div class=\"elementor-widget-container\">\n\t\t\t\t\t<div class=\"elementor-spacer\">\n\t\t\t<div class=\"elementor-spacer-inner\"><\/div>\n\t\t<\/div>\n\t\t\t\t<\/div>\n\t\t\t\t<\/div>\n\t\t\t\t\t<\/div>\n\t\t<\/div>\n\t\t\t\t\t\t\t<\/div>\n\t\t<\/section>\n\t\t\t\t<section class=\"elementor-section elementor-top-section elementor-element elementor-element-ff64255 elementor-section-boxed elementor-section-height-default elementor-section-height-default\" data-id=\"ff64255\" data-element_type=\"section\" data-settings=\"{&quot;background_background&quot;:&quot;video&quot;}\">\n\t\t\t\t\t\t<div class=\"elementor-container elementor-column-gap-default\">\n\t\t\t\t\t<div class=\"elementor-column elementor-col-100 elementor-top-column elementor-element elementor-element-256da13\" data-id=\"256da13\" data-element_type=\"column\">\n\t\t\t<div class=\"elementor-widget-wrap elementor-element-populated\">\n\t\t\t\t\t\t\t\t<div class=\"elementor-element elementor-element-6fb7fd6 elementor-widget elementor-widget-video\" data-id=\"6fb7fd6\" data-element_type=\"widget\" data-settings=\"{&quot;youtube_url&quot;:&quot;https:\\\/\\\/www.youtube.com\\\/watch?v=Y4F1vsFZ4CQ&amp;t=7s&quot;,&quot;loop&quot;:&quot;yes&quot;,&quot;video_type&quot;:&quot;youtube&quot;,&quot;controls&quot;:&quot;yes&quot;}\" data-widget_type=\"video.default\">\n\t\t\t\t<div class=\"elementor-widget-container\">\n\t\t\t\t\t<div class=\"elementor-wrapper elementor-open-inline\">\n\t\t\t<div class=\"elementor-video\"><\/div>\t\t<\/div>\n\t\t\t\t<\/div>\n\t\t\t\t<\/div>\n\t\t\t\t<div class=\"elementor-element elementor-element-442b421 elementor-drop-cap-yes elementor-widget__width-initial elementor-drop-cap-view-default elementor-widget elementor-widget-text-editor\" data-id=\"442b421\" data-element_type=\"widget\" data-settings=\"{&quot;drop_cap&quot;:&quot;yes&quot;}\" data-widget_type=\"text-editor.default\">\n\t\t\t\t<div class=\"elementor-widget-container\">\n\t\t\t\t\t\t\t<p><strong>FRACTAL<\/strong><\/p><p>\u201cEl Orden del Caos\u201d<\/p><p>\u00a0<\/p><p><em>\u00a0<\/em><em>\u201cUna propiedad fundamental de los\u00a0 fractales<\/em><em>\u00a0es la\u00a0\u201cautosimilitud\u201d\u00a0o \u201cautosemejanza\u201d. Al acercarnos a ciertas partes de la imagen, la imagen total reaparece en miniatura a distintas escalas, un n\u00famero infinito de veces&#8230;\u201d<\/em><\/p><p><strong><em>Beno\u00eet Mandelbrot.<\/em><\/strong><\/p>\t\t\t\t\t\t<\/div>\n\t\t\t\t<\/div>\n\t\t\t\t\t<\/div>\n\t\t<\/div>\n\t\t\t\t\t\t\t<\/div>\n\t\t<\/section>\n\t\t\t\t<section class=\"elementor-section elementor-top-section elementor-element elementor-element-a3bb067 elementor-section-boxed elementor-section-height-default elementor-section-height-default\" data-id=\"a3bb067\" data-element_type=\"section\">\n\t\t\t\t\t\t<div class=\"elementor-container elementor-column-gap-default\">\n\t\t\t\t\t<div class=\"elementor-column elementor-col-100 elementor-top-column elementor-element elementor-element-f61ce47\" data-id=\"f61ce47\" data-element_type=\"column\">\n\t\t\t<div class=\"elementor-widget-wrap elementor-element-populated\">\n\t\t\t\t\t\t\t\t<div class=\"elementor-element elementor-element-c4d59d2 elementor-widget elementor-widget-spacer\" data-id=\"c4d59d2\" data-element_type=\"widget\" data-widget_type=\"spacer.default\">\n\t\t\t\t<div class=\"elementor-widget-container\">\n\t\t\t\t\t<div class=\"elementor-spacer\">\n\t\t\t<div class=\"elementor-spacer-inner\"><\/div>\n\t\t<\/div>\n\t\t\t\t<\/div>\n\t\t\t\t<\/div>\n\t\t\t\t\t<\/div>\n\t\t<\/div>\n\t\t\t\t\t\t\t<\/div>\n\t\t<\/section>\n\t\t\t\t<section class=\"elementor-section elementor-top-section elementor-element elementor-element-3522f1a elementor-section-boxed elementor-section-height-default elementor-section-height-default\" data-id=\"3522f1a\" data-element_type=\"section\">\n\t\t\t\t\t\t<div class=\"elementor-container elementor-column-gap-default\">\n\t\t\t\t\t<div class=\"elementor-column elementor-col-100 elementor-top-column elementor-element elementor-element-11a1023\" data-id=\"11a1023\" data-element_type=\"column\">\n\t\t\t<div class=\"elementor-widget-wrap elementor-element-populated\">\n\t\t\t\t\t\t\t\t<div class=\"elementor-element elementor-element-c2cd6f8 elementor-widget elementor-widget-image\" data-id=\"c2cd6f8\" data-element_type=\"widget\" data-widget_type=\"image.default\">\n\t\t\t\t<div class=\"elementor-widget-container\">\n\t\t\t\t\t\t\t\t\t\t\t\t\t\t\t<img loading=\"lazy\" decoding=\"async\" width=\"768\" height=\"509\" src=\"https:\/\/rpasminio.cl\/wp-content\/uploads\/2020\/04\/CALEIDOSCOPIO-148_2-768x509.jpg\" class=\"attachment-medium_large size-medium_large wp-image-5333\" alt=\"\" srcset=\"https:\/\/rpasminio.cl\/wp-content\/uploads\/2020\/04\/CALEIDOSCOPIO-148_2-768x509.jpg 768w, https:\/\/rpasminio.cl\/wp-content\/uploads\/2020\/04\/CALEIDOSCOPIO-148_2-300x199.jpg 300w, https:\/\/rpasminio.cl\/wp-content\/uploads\/2020\/04\/CALEIDOSCOPIO-148_2-150x100.jpg 150w, https:\/\/rpasminio.cl\/wp-content\/uploads\/2020\/04\/CALEIDOSCOPIO-148_2.jpg 1200w\" sizes=\"auto, (max-width: 768px) 100vw, 768px\" \/>\t\t\t\t\t\t\t\t\t\t\t\t\t\t\t<\/div>\n\t\t\t\t<\/div>\n\t\t\t\t<div class=\"elementor-element elementor-element-92d17be elementor-widget elementor-widget-text-editor\" data-id=\"92d17be\" data-element_type=\"widget\" data-widget_type=\"text-editor.default\">\n\t\t\t\t<div class=\"elementor-widget-container\">\n\t\t\t\t\t\t\t<p><strong>FRACTAL<\/strong><\/p>\n<p>\u201cEl Orden del Caos\u201d<\/p><p><br \/><\/p>\n<p><\/p>\n<p><em>\u201cUna propiedad fundamental de los fractales<\/em><em>&nbsp;es la&nbsp;\u201cautosimilitud\u201d&nbsp;o \u201cautosemejanza\u201d. Al acercarnos a ciertas partes de la imagen, la imagen total reaparece en miniatura a distintas escalas, un n\u00famero infinito de veces&#8230;\u201d<\/em><\/p><p><em><br \/><\/em><\/p>\n<p><strong><em>Beno\u00eet Mandelbrot<\/em><\/strong><\/p>\t\t\t\t\t\t<\/div>\n\t\t\t\t<\/div>\n\t\t\t\t\t<\/div>\n\t\t<\/div>\n\t\t\t\t\t\t\t<\/div>\n\t\t<\/section>\n\t\t\t\t<section class=\"elementor-section elementor-top-section elementor-element elementor-element-db2e1b3 elementor-section-boxed elementor-section-height-default elementor-section-height-default\" data-id=\"db2e1b3\" data-element_type=\"section\">\n\t\t\t\t\t\t<div class=\"elementor-container elementor-column-gap-default\">\n\t\t\t\t\t<div class=\"elementor-column elementor-col-100 elementor-top-column elementor-element elementor-element-de9d342\" data-id=\"de9d342\" data-element_type=\"column\">\n\t\t\t<div class=\"elementor-widget-wrap elementor-element-populated\">\n\t\t\t\t\t\t\t\t<div class=\"elementor-element elementor-element-c3eb348 elementor-widget elementor-widget-spacer\" data-id=\"c3eb348\" data-element_type=\"widget\" data-widget_type=\"spacer.default\">\n\t\t\t\t<div class=\"elementor-widget-container\">\n\t\t\t\t\t<div class=\"elementor-spacer\">\n\t\t\t<div class=\"elementor-spacer-inner\"><\/div>\n\t\t<\/div>\n\t\t\t\t<\/div>\n\t\t\t\t<\/div>\n\t\t\t\t\t<\/div>\n\t\t<\/div>\n\t\t\t\t\t\t\t<\/div>\n\t\t<\/section>\n\t\t\t\t\t\t\t<\/div>\n\t\t","protected":false},"excerpt":{"rendered":"<p>KATARSIS LA MONTA\u00d1A. Recapitulando el tiempo, a veces pienso que dentro de mi mente siempre ha existido una monta\u00f1a que me impedido avanzar. No me ha dejado ir donde quiero, aunque creo que la he domesticado\u2026 Ya la he dejado de ver como un muro oscuro que me hiere y detiene. Hoy la sobrevuelo, la &hellip;<\/p>\n<p class=\"read-more\"> <a class=\"\" href=\"https:\/\/rpasminio.cl\/?page_id=6834\"> <span class=\"screen-reader-text\">HISTORIAS<\/span> Leer m\u00e1s &raquo;<\/a><\/p>\n","protected":false},"author":1,"featured_media":0,"parent":0,"menu_order":0,"comment_status":"closed","ping_status":"closed","template":"","meta":{"site-sidebar-layout":"no-sidebar","site-content-layout":"page-builder","ast-site-content-layout":"","site-content-style":"default","site-sidebar-style":"default","ast-global-header-display":"","ast-banner-title-visibility":"","ast-main-header-display":"","ast-hfb-above-header-display":"","ast-hfb-below-header-display":"","ast-hfb-mobile-header-display":"","site-post-title":"disabled","ast-breadcrumbs-content":"","ast-featured-img":"disabled","footer-sml-layout":"","theme-transparent-header-meta":"default","adv-header-id-meta":"","stick-header-meta":"","header-above-stick-meta":"","header-main-stick-meta":"","header-below-stick-meta":"","astra-migrate-meta-layouts":"","footnotes":""},"class_list":["post-6834","page","type-page","status-publish","hentry"],"_links":{"self":[{"href":"https:\/\/rpasminio.cl\/index.php?rest_route=\/wp\/v2\/pages\/6834","targetHints":{"allow":["GET"]}}],"collection":[{"href":"https:\/\/rpasminio.cl\/index.php?rest_route=\/wp\/v2\/pages"}],"about":[{"href":"https:\/\/rpasminio.cl\/index.php?rest_route=\/wp\/v2\/types\/page"}],"author":[{"embeddable":true,"href":"https:\/\/rpasminio.cl\/index.php?rest_route=\/wp\/v2\/users\/1"}],"replies":[{"embeddable":true,"href":"https:\/\/rpasminio.cl\/index.php?rest_route=%2Fwp%2Fv2%2Fcomments&post=6834"}],"version-history":[{"count":1,"href":"https:\/\/rpasminio.cl\/index.php?rest_route=\/wp\/v2\/pages\/6834\/revisions"}],"predecessor-version":[{"id":7679,"href":"https:\/\/rpasminio.cl\/index.php?rest_route=\/wp\/v2\/pages\/6834\/revisions\/7679"}],"wp:attachment":[{"href":"https:\/\/rpasminio.cl\/index.php?rest_route=%2Fwp%2Fv2%2Fmedia&parent=6834"}],"curies":[{"name":"wp","href":"https:\/\/api.w.org\/{rel}","templated":true}]}}