{"id":5091,"date":"2020-04-07T11:58:40","date_gmt":"2020-04-07T15:58:40","guid":{"rendered":"http:\/\/rpasminio.cl\/?page_id=5091"},"modified":"2022-03-16T22:32:12","modified_gmt":"2022-03-17T01:32:12","slug":"autor-ele","status":"publish","type":"page","link":"https:\/\/rpasminio.cl\/?page_id=5091","title":{"rendered":"AZUL"},"content":{"rendered":"\t\t<div data-elementor-type=\"wp-page\" data-elementor-id=\"5091\" class=\"elementor elementor-5091\">\n\t\t\t\t\t\t\t\t\t<section class=\"elementor-section elementor-top-section elementor-element elementor-element-f04ada6 elementor-section-stretched elementor-section-height-min-height elementor-hidden-tablet elementor-hidden-phone elementor-section-boxed elementor-section-height-default elementor-section-items-middle\" data-id=\"f04ada6\" data-element_type=\"section\" data-settings=\"{&quot;stretch_section&quot;:&quot;section-stretched&quot;,&quot;background_background&quot;:&quot;gradient&quot;}\">\n\t\t\t\t\t\t<div class=\"elementor-container elementor-column-gap-default\">\n\t\t\t\t\t<div class=\"elementor-column elementor-col-100 elementor-top-column elementor-element elementor-element-73886cd\" data-id=\"73886cd\" data-element_type=\"column\">\n\t\t\t<div class=\"elementor-widget-wrap elementor-element-populated\">\n\t\t\t\t\t\t\t\t<div class=\"elementor-element elementor-element-215f894 elementor-widget__width-initial elementor-absolute elementor--h-position-center elementor--v-position-middle elementor-arrows-position-inside elementor-pagination-position-inside elementor-widget elementor-widget-slides\" data-id=\"215f894\" data-element_type=\"widget\" data-settings=\"{&quot;transition&quot;:&quot;fade&quot;,&quot;_position&quot;:&quot;absolute&quot;,&quot;navigation&quot;:&quot;both&quot;,&quot;transition_speed&quot;:500}\" data-widget_type=\"slides.default\">\n\t\t\t\t<div class=\"elementor-widget-container\">\n\t\t\t\t\t<div class=\"elementor-swiper\">\n\t\t\t<div class=\"elementor-slides-wrapper elementor-main-swiper swiper-container\" dir=\"ltr\" data-animation=\"\">\n\t\t\t\t<div class=\"swiper-wrapper elementor-slides\">\n\t\t\t\t\t<div class=\"elementor-repeater-item-1f59529 swiper-slide\"><div class=\"swiper-slide-bg\"><\/div><div class=\"swiper-slide-inner\" ><div class=\"swiper-slide-contents\"><\/div><\/div><\/div><div class=\"elementor-repeater-item-1833d3a swiper-slide\"><div class=\"swiper-slide-bg\"><\/div><div class=\"swiper-slide-inner\" ><div class=\"swiper-slide-contents\"><\/div><\/div><\/div><div class=\"elementor-repeater-item-0c07b5d swiper-slide\"><div class=\"swiper-slide-bg\"><\/div><div class=\"swiper-slide-inner\" ><div class=\"swiper-slide-contents\"><\/div><\/div><\/div><div class=\"elementor-repeater-item-f928c92 swiper-slide\"><div class=\"swiper-slide-bg\"><\/div><div class=\"swiper-slide-inner\" ><div class=\"swiper-slide-contents\"><\/div><\/div><\/div>\t\t\t\t<\/div>\n\t\t\t\t\t\t\t\t\t\t\t\t\t\t\t<div class=\"swiper-pagination\"><\/div>\n\t\t\t\t\t\t\t\t\t\t\t\t\t\t\t\t<div class=\"elementor-swiper-button elementor-swiper-button-prev\">\n\t\t\t\t\t\t\t<i class=\"eicon-chevron-left\" aria-hidden=\"true\"><\/i>\n\t\t\t\t\t\t\t<span class=\"elementor-screen-only\">Previous<\/span>\n\t\t\t\t\t\t<\/div>\n\t\t\t\t\t\t<div class=\"elementor-swiper-button elementor-swiper-button-next\">\n\t\t\t\t\t\t\t<i class=\"eicon-chevron-right\" aria-hidden=\"true\"><\/i>\n\t\t\t\t\t\t\t<span class=\"elementor-screen-only\">Next<\/span>\n\t\t\t\t\t\t<\/div>\n\t\t\t\t\t\t\t\t\t\t\t\t<\/div>\n\t\t<\/div>\n\t\t\t\t<\/div>\n\t\t\t\t<\/div>\n\t\t\t\t\t<\/div>\n\t\t<\/div>\n\t\t\t\t\t\t\t<\/div>\n\t\t<\/section>\n\t\t\t\t<section class=\"elementor-section elementor-top-section elementor-element elementor-element-af2d3dd elementor-section-boxed elementor-section-height-default elementor-section-height-default\" data-id=\"af2d3dd\" data-element_type=\"section\">\n\t\t\t\t\t\t\t<div class=\"elementor-background-overlay\"><\/div>\n\t\t\t\t\t\t\t<div class=\"elementor-container elementor-column-gap-default\">\n\t\t\t\t\t<div class=\"elementor-column elementor-col-100 elementor-top-column elementor-element elementor-element-1b7de51\" data-id=\"1b7de51\" data-element_type=\"column\">\n\t\t\t<div class=\"elementor-widget-wrap elementor-element-populated\">\n\t\t\t\t\t\t\t\t<div class=\"elementor-element elementor-element-8d89ca7 elementor-widget__width-initial elementor-widget elementor-widget-text-editor\" data-id=\"8d89ca7\" data-element_type=\"widget\" data-widget_type=\"text-editor.default\">\n\t\t\t\t<div class=\"elementor-widget-container\">\n\t\t\t\t\t\t\t<h5>\u00a0<\/h5><h5>\u00a0<\/h5><h5 class=\"p1\" style=\"text-align: center;\"><strong>BIOGRAFIA<\/strong><\/h5><p class=\"p1\"><b>Roberto Pasminio Cuevas naci\u00f3 en la Ciudad de Punta Arenas en 1969. Es Fot\u00f3grafo hace 25 a\u00f1os y Constructor Civil que tambi\u00e9n ejerce hace 23 a\u00f1os. Aprendi\u00f3 fotograf\u00eda form\u00e1ndose en diversos talleres y centros de fotograf\u00eda en Santiago de Chile. Sus im\u00e1genes van desde lo netamente documental hasta la completa abstracci\u00f3n. El movimiento y la t\u00e9cnica pict\u00f3rica son los ejes de su trabajo.<\/b><\/p><p class=\"p1\"><b>CONTACTO<\/b><\/p><ul class=\"ul1\"><li class=\"li1\"><b>Correo: rpasminio@gmail.com<br \/><\/b><\/li><li class=\"li1\"><b>Wsp: +56990848486.<br \/><\/b><\/li><\/ul><p class=\"p1\"><b>ULTIMOS PROYECTOS.<\/b><\/p><ul class=\"ul1\"><li class=\"li1\"><b>Preparando Futura Exposici\u00f3n \u201cProyecto Fractal\u201d, Marzo 2019, en\u00a0Aeropuerto de Santiago. Convocatoria del Ministerio de Obras P\u00fablicas ( MOP ).<br \/><\/b><\/li><li class=\"li1\"><b>Seleccionado como Expositor, luego de llamado a Concurso Nacional de Arte, \u201cProyecto Fractal\u201d,\u00a0Feria de Arte FAXXI 2019, Chile.<br \/><\/b><\/li><li class=\"li1\"><b>Invitado a Exposici\u00f3n \u00ab7 PAISAJES\u00bb Colectiva de Fotograf\u00eda en Sala Museo sin Muros\u00a0<\/b><a href=\"http:\/\/www.mnba.cl\/617\/w3-article-76720.html\"><span class=\"s2\"><b>Museo Nacional Bellas Artes<\/b><\/span><\/a><b>, Santiago de Chile, 2017.\u00a0<br \/><\/b><\/li><li class=\"li1\"><b>Invitado a Exposici\u00f3n \u00ab5 PAISAJES\u00bb Colectiva de Fotograf\u00eda en Sala Museo sin Muros\u00a0<\/b><a href=\"https:\/\/www.facebook.com\/mnbaen.regiondelbiobio\/videos\/1986517134935620\/UzpfSTU1NDIyOTc4MDoxMDE1NjgzNTg1NzgzNDc4MQ\/\"><span class=\"s2\"><b>Museo Nacional Bellas Artes<\/b><\/span><\/a><b>, Concepci\u00f3n Chile, 2017.\u00a0<br \/><\/b><\/li><li class=\"li1\"><b>Invitado para Exponer en Sala Abate Molina\u00a0<\/b><a href=\"https:\/\/issuu.com\/editorialutal\/docs\/programa__agosto_2017\"><span class=\"s2\"><b>Centro de Extensi\u00f3n Universidad de Talca<\/b><\/span><\/a><b>\u00a0Ciudad de Talca, Chile, 2017.\u00a0<br \/><\/b><\/li><li class=\"li1\"><b>Seleccionado como Expositor, luego de llamado a Concurso Nacional de Arte\u00a0<\/b><a href=\"https:\/\/www.faxxi.cl\/copia-de-faxxi-2017\"><span class=\"s2\"><b>Feria de Arte FAXXI 2017<\/b><\/span><\/a><b>, Chile, 2017.\u00a0<br \/><\/b><\/li><li class=\"li1\"><b>Invitado a Exposici\u00f3n \u00abTu Zona Aurea\u00bb Colectiva de Fotograf\u00eda<\/b><a href=\"http:\/\/www.ojorojo.cl\/\"><span class=\"s2\"><b>\u00a0Galer\u00eda de Arte Ojo Rojo\u00a0<\/b><\/span><\/a><b>, Chile.\u00a0<br \/><\/b><\/li><li class=\"li1\"><b>Expositor\u00a0en\u00a0<\/b><a href=\"https:\/\/www.arteallimite.com\/2016\/05\/roberto-pasminio-las-tomas-se-fabrican-en-funcion-de-atmosferas\/\"><span class=\"s2\"><b>Galer\u00eda de Arte Al L\u00edmite<\/b><\/span><\/a><b>, Chile.\u00a0<br \/><\/b><\/li><li class=\"li1\"><b>Expositor en\u00a0Galer\u00eda de Fot\u00f3grafos Chilenos<\/b><a href=\"http:\/\/fotogramasgaleria.cl\/Fotogramas\/k-l-m-n-n\/roberto-pasminio\/\"><span class=\"s2\"><b>\u00a0Fotogramas Galer\u00eda<\/b><\/span><\/a><b>, Chile.\u00a0<br \/><\/b><\/li><li class=\"li1\"><b>Ex-Director de Fotograf\u00eda Portal\u00a0<\/b><a href=\"http:\/\/hoyensantiago.cl\/directorio\/\"><span class=\"s2\"><b>Hoy en Santiago<\/b><\/span><\/a><b>, Chile.\u00a0<br \/><\/b><\/li><\/ul><p class=\"p1\"><b>ACEPTACIONES<\/b><\/p><ul class=\"ul1\"><li class=\"li1\"><b>Aceptaci\u00f3n 1 Fotograf\u00eda Concurso\u00a0<\/b><a href=\"http:\/\/www.perpignanphoto.fr\/crbst_81.html\"><span class=\"s2\"><b>\u00a04\u00ba Sal\u00f3n Internacional Le Catal\u00e1n 2015<\/b><\/span><\/a><b>, Francia.\u00a0<br \/><\/b><\/li><li class=\"li2\"><span class=\"s4\"><b>Aceptaci\u00f3n 2 Fotograf\u00edas Concurso\u00a0<\/b><a href=\"http:\/\/www.rsfz.es\/wp-content\/uploads\/2014\/11\/aceptadas-libre-color-90.pdf\"><span class=\"s5\"><b>\u00a090 Sal\u00f3n Internacional de Oto\u00f1o en\u00a0Zaragoza 2014<\/b><\/span><\/a><b>, Espa\u00f1a.\u00a0<br \/><\/b><\/span><\/li><li class=\"li1\"><b>Aceptaci\u00f3n de 3 fotograf\u00edas en Concurso \u00a0<\/b><a href=\"http:\/\/frenchdigitaltour.com\/fdt\/wp-content\/uploads\/2014\/12\/Bagnols-Open-Color-2014.pdf\"><span class=\"s2\"><b>2French Digital Tour 2014<\/b><\/span><\/a><b>, Francia.\u00a0<br \/><\/b><\/li><li class=\"li1\"><b>Ganador Concurso \u00a0<\/b><a href=\"http:\/\/www.facebook.com\/media\/set\/?set=a.362914000487261.1073741832.100003059926555&amp;type=1\"><span class=\"s2\"><b>24 SCATTI BIKE \/24 SNAPSHOTS OF BIKES<\/b><\/span><\/a><b>\u00a0a\u00f1os 2013 y 2014, en Italia. Se trata de 24 fotograf\u00edas seleccionadas de diferentes pa\u00edses y exhibidas en una exposici\u00f3n itinerante en Italia e Inglaterra.<br \/><\/b><\/li><li class=\"li1\"><b>Aceptaci\u00f3n de Fotograf\u00eda en Concurso Internacional\u00a0<\/b><a href=\"http:\/\/df.fotosalons.com\/SalonInfo.aspx\"><span class=\"s2\"><b>FIAP \u00abDigifocus International Digital Salon<\/b><\/span><\/a><b>\u00ab,\u00a0India,2014.<br \/><\/b><\/li><li class=\"li1\"><b>Aceptaci\u00f3n de Fotograf\u00eda en Concurso Internacional\u00a0<\/b><a href=\"http:\/\/www.facebook.com\/media\/set\/?set=a.362914000487261.1073741832.100003059926555&amp;type=1\"><span class=\"s2\"><b>FIAP<\/b><\/span><\/a><b>, Macedonia.<br \/><\/b><\/li><li class=\"li1\"><b>Ganador concurso Fotogr\u00e1fico\u00a0IILA-FOTOGRAF\u00cdA, secci\u00f3n \u00abUna Foto\u00bb tema \u00abLa Ausencia y la Fotograf\u00eda\u00bb que se proyect\u00f3 en una pantalla de manera continua por toda la duraci\u00f3n del Festival, en el,\u00a0<\/b><a href=\"http:\/\/www.iila.org\/index.php?option=com_content&amp;view=article&amp;id=2190:6-edicion-premio-iila-fotografia&amp;Itemid=101&amp;lang=es\"><span class=\"s2\"><b>MACRO \u2013 Museo d\u2018Arte Contempor\u00e1nea di Roma<\/b><\/span><\/a><b>, 2013.<br \/><\/b><\/li><\/ul><p class=\"p1\"><b>OTRAS EXPOSICIONES.<\/b><\/p><ul class=\"ul1\"><li class=\"li1\"><b>Exposici\u00f3n Colectiva, en la\u00a0<\/b><a href=\"http:\/\/www.santiagocultura.cl\/2014\/04\/04\/la-ausencia-y-la-fotografia-en-biblioteca-municipal-104\/\"><span class=\"s2\"><b>Biblioteca P\u00fablica de Santiago, en Balmaceda 1215<\/b><\/span><\/a><b>. Exhibieron 25 chilenos ganadores del concurso Fotogr\u00e1fico IILA-FOTOGRAFIA, secci\u00f3n \u00abUna Foto\u00bb tema \u00abLa Ausencia y la Fotograf\u00eda\u00bb, en el MACRO \u2013 Museo d\u2019Arte Contempor\u00e1nea di Roma, 2014.<br \/><\/b><\/li><li class=\"li1\"><b>Exposici\u00f3n Individual\u00a0\u201cMovimiento de mi Alma\u201d, en\u00a0<\/b><a href=\"http:\/\/www.lun.com\/lunmobileiphone\/\/Pages\/NewsDetailMobile.aspx?x=1&amp;dt=2014-08-06&amp;BodyId=0&amp;PaginaId=42&amp;SupplementId=0\"><span class=\"s2\"><b>galer\u00eda de la Academia fotogr\u00e1fica AF<\/b><\/span><\/a><b>., iniciada en Agosto 2014 hasta la fecha. Santiago de Chile.<br \/><\/b><\/li><li class=\"li1\"><b>Exposici\u00f3n Colectiva, en la\u00a0<\/b><a href=\"http:\/\/www.radiozero.cl\/galeria-momento-2\/\"><span class=\"s2\"><b>galer\u00eda de Arte Sala Mori<\/b><\/span><\/a><b>, del Teatro Mori. Foto seleccionada concurso fotogr\u00e1fico Momento poco OCDE. Santiago de Chile.<br \/><\/b><\/li><li class=\"li1\"><b>Ganador del Primer lugar anual Serie Blanco y Negro Postulantes.\u00a0Foto Cine Club de Chile 2013.<br \/><\/b><\/li><li class=\"li1\"><b>Ganador del Segundo lugar anual Serie Color Postulantes.\u00a0Foto Cine Club de Chile 2013.<br \/><\/b><\/li><\/ul><div><b>\u00a0<\/b><\/div><div><b>\u00a0<\/b><\/div><div><b>\u00a0<\/b><\/div><div><b>\u00a0<\/b><\/div>\t\t\t\t\t\t<\/div>\n\t\t\t\t<\/div>\n\t\t\t\t\t<\/div>\n\t\t<\/div>\n\t\t\t\t\t\t\t<\/div>\n\t\t<\/section>\n\t\t\t\t\t\t\t<\/div>\n\t\t","protected":false},"excerpt":{"rendered":"<p>Previous Next \u00a0 \u00a0 BIOGRAFIA Roberto Pasminio Cuevas naci\u00f3 en la Ciudad de Punta Arenas en 1969. Es Fot\u00f3grafo hace 25 a\u00f1os y Constructor Civil que tambi\u00e9n ejerce hace 23 a\u00f1os. Aprendi\u00f3 fotograf\u00eda form\u00e1ndose en diversos talleres y centros de fotograf\u00eda en Santiago de Chile. Sus im\u00e1genes van desde lo netamente documental hasta la completa &hellip;<\/p>\n<p class=\"read-more\"> <a class=\"\" href=\"https:\/\/rpasminio.cl\/?page_id=5091\"> <span class=\"screen-reader-text\">AZUL<\/span> Leer m\u00e1s &raquo;<\/a><\/p>\n","protected":false},"author":1,"featured_media":0,"parent":0,"menu_order":0,"comment_status":"closed","ping_status":"closed","template":"","meta":{"site-sidebar-layout":"no-sidebar","site-content-layout":"page-builder","ast-site-content-layout":"","site-content-style":"default","site-sidebar-style":"default","ast-global-header-display":"","ast-banner-title-visibility":"","ast-main-header-display":"","ast-hfb-above-header-display":"","ast-hfb-below-header-display":"","ast-hfb-mobile-header-display":"","site-post-title":"disabled","ast-breadcrumbs-content":"","ast-featured-img":"disabled","footer-sml-layout":"","theme-transparent-header-meta":"default","adv-header-id-meta":"","stick-header-meta":"","header-above-stick-meta":"","header-main-stick-meta":"","header-below-stick-meta":"","astra-migrate-meta-layouts":"","footnotes":""},"class_list":["post-5091","page","type-page","status-publish","hentry"],"_links":{"self":[{"href":"https:\/\/rpasminio.cl\/index.php?rest_route=\/wp\/v2\/pages\/5091","targetHints":{"allow":["GET"]}}],"collection":[{"href":"https:\/\/rpasminio.cl\/index.php?rest_route=\/wp\/v2\/pages"}],"about":[{"href":"https:\/\/rpasminio.cl\/index.php?rest_route=\/wp\/v2\/types\/page"}],"author":[{"embeddable":true,"href":"https:\/\/rpasminio.cl\/index.php?rest_route=\/wp\/v2\/users\/1"}],"replies":[{"embeddable":true,"href":"https:\/\/rpasminio.cl\/index.php?rest_route=%2Fwp%2Fv2%2Fcomments&post=5091"}],"version-history":[{"count":1,"href":"https:\/\/rpasminio.cl\/index.php?rest_route=\/wp\/v2\/pages\/5091\/revisions"}],"predecessor-version":[{"id":7577,"href":"https:\/\/rpasminio.cl\/index.php?rest_route=\/wp\/v2\/pages\/5091\/revisions\/7577"}],"wp:attachment":[{"href":"https:\/\/rpasminio.cl\/index.php?rest_route=%2Fwp%2Fv2%2Fmedia&parent=5091"}],"curies":[{"name":"wp","href":"https:\/\/api.w.org\/{rel}","templated":true}]}}